{"id":288,"date":"2018-08-06T15:15:41","date_gmt":"2018-08-06T13:15:41","guid":{"rendered":"https:\/\/www.anichhof.com\/?page_id=288"},"modified":"2018-08-06T16:04:32","modified_gmt":"2018-08-06T14:04:32","slug":"condizioni-contrattuali-generali","status":"publish","type":"page","link":"https:\/\/www.anichhof.com\/it\/condizioni-contrattuali-generali\/","title":{"rendered":"Condizioni contrattuali generali"},"content":{"rendered":"<p><strong>Prezzi<\/strong><br \/>\nTutti i prezzi s\u2019intendono per giorno e persona oppure per giorno e appartamento. Sono compresi l\u2019alloggio, il corredo per il letto, il riscaldamento, l\u2019acqua, il gas e la corrente, la pulizia (pulizia finale incl.) e tutte le spese e tasse tranne l\u2019imposta di soggiorno. L\u2019importo dell\u2019imposta di soggiorno si determina ai sensi della delibera comunale del comune in cui l\u2019azienda \u00e8 situata ed in vigore al momento del soggiorno (2018: Euro 1,15 per persona e giorno per persone oltre 14 anni).<\/p>\n<p><strong>Ribassi<\/strong><br \/>\nI bambini fino al 5\u00b0 compleanno non pagano.<\/p>\n<p><strong>Pagamento<\/strong><br \/>\nIl pagamento da noi pu\u00f2 essere effettuato con contanti fino a Euro 3.000,00 o bonifico bancario.<\/p>\n<p><strong>Arrivo e partenza<\/strong><br \/>\nIl giorno dell\u2019arrivo gli appartamenti sono disponibili a partire dalle ore 16. Il giorno di partenza Vi preghiamo di liberare l\u2019appartamento fino alle ore 10. Vi preghiamo di telefonarci qualche giorno prima del Vostro arrivo, quando possiamo aspettarVi. Se arrivate prima delle ore 16, Vi chiediamo di chiamarci.<\/p>\n<p><strong>Prenotazione<\/strong><br \/>\nNotare per favore: La prenotazione \u00e8 definitiva dopo il versamento di una caparra confirmatoria e l\u2019invio di una conferma della prenotazione. La caparra confirmatoria <u>non<\/u> viene restituito nel caso di un annullamento. Inoltre valgono le seguenti condizioni di storno:<\/p>\n<p><strong>Condizioni di storno ai sensi dell\u2019art. 1382 C.C.<\/strong><br \/>\nNon \u00e8 previsto un diritto di recesso ai sensi del Codice del Consumo italiano \u2013 nonostante ci\u00f2, Le accordiamo le seguenti condizioni di recesso ai sensi dell\u2019art. 1382 cc.:<br \/>\nFino al pi\u00f9 tardi 28 giorni prima dell\u2019arrivo la prenotazione pu\u00f2 essere annullata senza il pagamento di una tariffa storno. Viene soltanto trattenuto la caparra confirmatoria.<br \/>\nNel caso di un annullamento della vacanza da parte dell\u2019ospite nel periodo tra il 28 giorno prima della data di arrivo convenuta e la data di arrivo, l\u2019ospite \u00e8 obbligato a pagare le seguenti tasse di annullamento:<br \/>\nAnnullamento fino al pi\u00f9 tardi 15 giorni prima della data di arrivo: 40 % del prezzo complessivo convenuto.<br \/>\nAnnullamento fino al pi\u00f9 tardi 8 giorni prima della data di arrivo: 60 % del prezzo complessivo convenuto.<br \/>\nAnnullamento meno di 8 giorni prima della data di arrivo: 70 % del prezzo complessivo convenuto.<br \/>\nNel caso in cui gli ospiti non vengono (\u201cno show\u201d) o in caso di partenza anticipata, \u00e8 dovuto il corrispettivo totale per tutto il periodo di soggiorno pattuito.<\/p>\n<p>Vi preghiamo di informarci tempestivamente nel caso in cui siate impossibilitati a venire.<\/p>\n<p><strong>Assicurazione annullamento viaggi<\/strong><br \/>\nConsigliamo di stipulare l\u2019assicurazione annullamento viaggi \u201eGallo Rosso\u201c nel momento in cui prenotate il Vostro soggiorno. L\u2019assicurazione copre le tasse di annullamento, in modo che potete guardare con gioia verso la Vostra vacanza, senza preoccuparVi. Ulteriori informazioni sui costi e sulla stipulazione dell\u2019assicurazione annullamento viaggi trovate qui: <a href=\"http:\/\/partner.europaeische.at\/roter-hahn?AGN2=142889716\" target=\"_blank\" rel=\"noopener\">Gallo rosso &#8211; annullamento viaggi<\/a><\/p>\n<p><strong>Esclusione della responsabilit\u00e0<\/strong><br \/>\nCi impegniamo a mettere a disposizione sul presente sito web informazioni corrette e complete. Tuttavia non assumiamo nessuna responsabilit\u00e0 n\u00e9 diamo garanzia per l\u2019attualit\u00e0, la correttezza e la completezza delle informazioni fornite. Ci riserviamo il diritto di effettuare senza preavviso delle modifiche o integrazioni alle informazioni presentate. \u00c8 vincolante la rispettiva offerta nonch\u00e9 la conferma della prenotazione. Nonostante il controllo accurato dei contenuti, non assumiamo nessuna responsabilit\u00e0 per i contenuti dei link esterni. Per i contenuti delle pagine collegate sono da ritenersi responsabili esclusivamente i relativi gestori.<br \/>\n<strong>Avviso<\/strong><br \/>\nSi fa esplicito riferimento alle disposizioni artt. 45-67 del codice di consumo italiano d.lgs. 206\/2005.<\/p>\n<p><strong>Regolamento UE n. 524\/2016<\/strong><br \/>\nInformazione obbligatoria ai sensi del Regolamento UE n. 524\/2016 del Parlamento europeo e del Consiglio. Piattaforma per la risoluzione delle controversie online dei consumatori (ODR) della Commissione europea: <a href=\"http:\/\/ec.europa.eu\/consumers\/odr\/\" target=\"_blank\" rel=\"noopener\">http:\/\/ec.europa.eu\/consumers\/odr<\/a>.<\/p>\n<p>Anichhof d. Holzner Florian &#8211; Vicolo Frutteti 17 &#8211; 39011 Lana<\/p>\n","protected":false},"excerpt":{"rendered":"<p>Prezzi Tutti i prezzi s\u2019intendono per giorno e persona oppure per giorno e appartamento. Sono compresi l\u2019alloggio, il corredo per il letto, il riscaldamento, l\u2019acqua, il gas e la corrente, la pulizia (pulizia finale incl.) e tutte le spese e tasse tranne l\u2019imposta di soggiorno. L\u2019importo dell\u2019imposta di soggiorno si determina ai sensi della delibera [&hellip;]<\/p>\n","protected":false},"author":1,"featured_media":244,"parent":0,"menu_order":8,"comment_status":"closed","ping_status":"closed","template":"","meta":{"footnotes":""},"class_list":["post-288","page","type-page","status-publish","has-post-thumbnail","hentry"],"_links":{"self":[{"href":"https:\/\/www.anichhof.com\/it\/wp-json\/wp\/v2\/pages\/288","targetHints":{"allow":["GET"]}}],"collection":[{"href":"https:\/\/www.anichhof.com\/it\/wp-json\/wp\/v2\/pages"}],"about":[{"href":"https:\/\/www.anichhof.com\/it\/wp-json\/wp\/v2\/types\/page"}],"author":[{"embeddable":true,"href":"https:\/\/www.anichhof.com\/it\/wp-json\/wp\/v2\/users\/1"}],"replies":[{"embeddable":true,"href":"https:\/\/www.anichhof.com\/it\/wp-json\/wp\/v2\/comments?post=288"}],"version-history":[{"count":0,"href":"https:\/\/www.anichhof.com\/it\/wp-json\/wp\/v2\/pages\/288\/revisions"}],"wp:featuredmedia":[{"embeddable":true,"href":"https:\/\/www.anichhof.com\/it\/wp-json\/wp\/v2\/media\/244"}],"wp:attachment":[{"href":"https:\/\/www.anichhof.com\/it\/wp-json\/wp\/v2\/media?parent=288"}],"curies":[{"name":"wp","href":"https:\/\/api.w.org\/{rel}","templated":true}]}}